{"id":917,"date":"2026-04-01T09:26:53","date_gmt":"2026-04-01T09:26:53","guid":{"rendered":"https:\/\/shootingacademy.org\/home\/"},"modified":"2026-04-01T21:19:41","modified_gmt":"2026-04-01T21:19:41","slug":"home","status":"publish","type":"page","link":"https:\/\/shootingacademy.org\/de\/","title":{"rendered":"Home"},"content":{"rendered":"<div data-elementor-type=\"wp-page\" data-elementor-id=\"917\" class=\"elementor elementor-917\">\n\t\t\t\t\t\t<section class=\"elementor-section elementor-top-section elementor-element elementor-element-323f5f16 elementor-section-boxed elementor-section-height-default elementor-section-height-default\" data-id=\"323f5f16\" data-element_type=\"section\" data-e-type=\"section\">\n\t\t\t\t\t\t<div class=\"elementor-container elementor-column-gap-default\">\n\t\t\t\t\t<div class=\"elementor-column elementor-col-100 elementor-top-column elementor-element elementor-element-2103f3c0\" data-id=\"2103f3c0\" data-element_type=\"column\" data-e-type=\"column\">\n\t\t\t<div class=\"elementor-widget-wrap elementor-element-populated\">\n\t\t\t\t\t\t<div class=\"elementor-element elementor-element-f2de415 elementor-widget elementor-widget-heading\" data-id=\"f2de415\" data-element_type=\"widget\" data-e-type=\"widget\" data-widget_type=\"heading.default\">\n\t\t\t\t<div class=\"elementor-widget-container\">\n\t\t\t\t\t<h2 class=\"elementor-heading-title elementor-size-default\">SHOOTING<br>ACADEMY<\/h2>\t\t\t\t<\/div>\n\t\t\t\t<\/div>\n\t\t\t\t\t<\/div>\n\t\t<\/div>\n\t\t\t\t\t<\/div>\n\t\t<\/section>\n\t\t\t\t<section class=\"elementor-section elementor-top-section elementor-element elementor-element-ae9796b elementor-section-content-bottom elementor-section-boxed elementor-section-height-default elementor-section-height-default\" data-id=\"ae9796b\" data-element_type=\"section\" data-e-type=\"section\">\n\t\t\t\t\t\t<div class=\"elementor-container elementor-column-gap-default\">\n\t\t\t\t\t<div class=\"elementor-column elementor-col-25 elementor-top-column elementor-element elementor-element-6b5ffdb\" data-id=\"6b5ffdb\" data-element_type=\"column\" data-e-type=\"column\">\n\t\t\t<div class=\"elementor-widget-wrap elementor-element-populated\">\n\t\t\t\t\t\t\t    \t            <button class=\"e-button-base\" data-interaction-id=\"dc01165\"  >\n            KONTAKT\n        <\/button>\n    \t\t\t\t\t<\/div>\n\t\t<\/div>\n\t\t\t\t<div class=\"elementor-column elementor-col-25 elementor-top-column elementor-element elementor-element-a6a10dc\" data-id=\"a6a10dc\" data-element_type=\"column\" data-e-type=\"column\">\n\t\t\t<div class=\"elementor-widget-wrap elementor-element-populated\">\n\t\t\t\t\t\t\t    \t            <button class=\"e-button-base\" data-interaction-id=\"7d8c51c\"  >\n            BRO\u0143\n        <\/button>\n    \t\t\t\t\t<\/div>\n\t\t<\/div>\n\t\t\t\t<div class=\"elementor-column elementor-col-25 elementor-top-column elementor-element elementor-element-4651285\" data-id=\"4651285\" data-element_type=\"column\" data-e-type=\"column\">\n\t\t\t<div class=\"elementor-widget-wrap elementor-element-populated\">\n\t\t\t\t\t\t\t    \t            <button class=\"e-button-base\" data-interaction-id=\"e09af7e\"  >\n            Galeria\n        <\/button>\n    \t\t\t\t\t<\/div>\n\t\t<\/div>\n\t\t\t\t<div class=\"elementor-column elementor-col-25 elementor-top-column elementor-element elementor-element-c66296c\" data-id=\"c66296c\" data-element_type=\"column\" data-e-type=\"column\">\n\t\t\t<div class=\"elementor-widget-wrap elementor-element-populated\">\n\t\t\t\t\t\t\t    \t            <button class=\"e-button-base\" data-interaction-id=\"ec9c0f5\"  >\n            OFERTA\n        <\/button>\n    \t\t\t\t\t<\/div>\n\t\t<\/div>\n\t\t\t\t\t<\/div>\n\t\t<\/section>\n\t\t\t\t<section class=\"elementor-section elementor-top-section elementor-element elementor-element-d1284e0 elementor-section-boxed elementor-section-height-default elementor-section-height-default\" data-id=\"d1284e0\" data-element_type=\"section\" data-e-type=\"section\">\n\t\t\t\t\t\t<div class=\"elementor-container elementor-column-gap-default\">\n\t\t\t\t\t<div class=\"elementor-column elementor-col-100 elementor-top-column elementor-element elementor-element-0295455\" data-id=\"0295455\" data-element_type=\"column\" data-e-type=\"column\">\n\t\t\t<div class=\"elementor-widget-wrap elementor-element-populated\">\n\t\t\t\t\t\t<div class=\"elementor-element elementor-element-f43a0b0 elementor-widget elementor-widget-text-editor\" data-id=\"f43a0b0\" data-element_type=\"widget\" data-e-type=\"widget\" data-widget_type=\"text-editor.default\">\n\t\t\t\t<div class=\"elementor-widget-container\">\n\t\t\t\t\t\t\t\t\t<p>PROAIM to szko\u0142a strzelecka oferuj\u0105ca szkolenia z zakresu bezpiecznego i skutecznego pos\u0142ugiwania si\u0119 broni\u0105 paln\u0105. Nasze szkolenia skierowane s\u0105 zar\u00f3wno do os\u00f3b stawiaj\u0105cych pierwsze kroki ze strzelectwem, jak i do do\u015bwiadczonych strzelc\u00f3w oraz posiadaczy w\u0142asnej broni, kt\u00f3rzy chc\u0105 doskonali\u0107 swoje umiej\u0119tno\u015bci.<\/p>\n<p><span style=\"font-style: inherit; font-weight: inherit;\">Wsp\u00f3\u0142pracujemy r\u00f3wnie\u017c z klubem strzeleckim. Pomo\u017cemy Ci zrobi\u0107 pozwolenie na bro\u0144, wyszkoli\u0107 i przygotowa\u0107 do egzaminu na patent strzelecki.&nbsp; Wska\u017cemy drog\u0119 i pomo\u017cemy j\u0105 przej\u015b\u0107 do momentu otrzymania pozwolenia na bro\u0144.<\/span><\/p>\t\t\t\t\t\t\t\t<\/div>\n\t\t\t\t<\/div>\n\t\t\t\t\t<\/div>\n\t\t<\/div>\n\t\t\t\t\t<\/div>\n\t\t<\/section>\n\t\t\t\t<section class=\"elementor-section elementor-top-section elementor-element elementor-element-fba1f84 elementor-section-boxed elementor-section-height-default elementor-section-height-default\" data-id=\"fba1f84\" data-element_type=\"section\" data-e-type=\"section\">\n\t\t\t\t\t\t<div class=\"elementor-container elementor-column-gap-extended\">\n\t\t\t\t\t<div class=\"elementor-column elementor-col-100 elementor-top-column elementor-element elementor-element-f585cdf\" data-id=\"f585cdf\" data-element_type=\"column\" data-e-type=\"column\">\n\t\t\t<div class=\"elementor-widget-wrap elementor-element-populated\">\n\t\t\t\t\t\t\t\t\t<h2 \n\t\tdata-interaction-id=\"9a6ebce\" \n\t\tclass=\"e-heading-base\" \n\t\t \n\t\t\n\t>\n\t\n\t\t\tPostrzelasz z nami na obiektach:\n\t\t<\/h2>\n\t\t\t\t\t<\/div>\n\t\t<\/div>\n\t\t\t\t\t<\/div>\n\t\t<\/section>\n\t\t\t\t<section class=\"elementor-section elementor-top-section elementor-element elementor-element-84fc762 elementor-section-boxed elementor-section-height-default elementor-section-height-default\" data-id=\"84fc762\" data-element_type=\"section\" data-e-type=\"section\">\n\t\t\t\t\t\t<div class=\"elementor-container elementor-column-gap-default\">\n\t\t\t\t\t<div class=\"elementor-column elementor-col-50 elementor-top-column elementor-element elementor-element-5a88633\" data-id=\"5a88633\" data-element_type=\"column\" data-e-type=\"column\">\n\t\t\t<div class=\"elementor-widget-wrap elementor-element-populated\">\n\t\t\t\t\t\t\t\t\t<h2 \n\t\tdata-interaction-id=\"0c9c764\" \n\t\tclass=\"e-heading-base\" \n\t\t \n\t\t\n\t>\n\t\n\t\t\t\u017babice\n\t\t<\/h2>\n\t\t\t\t\t<\/div>\n\t\t<\/div>\n\t\t\t\t<div class=\"elementor-column elementor-col-50 elementor-top-column elementor-element elementor-element-7ea8365\" data-id=\"7ea8365\" data-element_type=\"column\" data-e-type=\"column\">\n\t\t\t<div class=\"elementor-widget-wrap elementor-element-populated\">\n\t\t\t\t\t\t\t\t\t<h2 \n\t\tdata-interaction-id=\"f28c91f\" \n\t\tclass=\"e-heading-base\" \n\t\t \n\t\t\n\t>\n\t\n\t\t\tGubin\n\t\t<\/h2>\n\t\t\t\t\t<\/div>\n\t\t<\/div>\n\t\t\t\t\t<\/div>\n\t\t<\/section>\n\t\t\t\t<section class=\"elementor-section elementor-top-section elementor-element elementor-element-0d5a231 elementor-section-boxed elementor-section-height-default elementor-section-height-default\" data-id=\"0d5a231\" data-element_type=\"section\" data-e-type=\"section\">\n\t\t\t\t\t\t<div class=\"elementor-container elementor-column-gap-default\">\n\t\t\t\t\t<div class=\"elementor-column elementor-col-50 elementor-top-column elementor-element elementor-element-cbda0a8\" data-id=\"cbda0a8\" data-element_type=\"column\" data-e-type=\"column\">\n\t\t\t<div class=\"elementor-widget-wrap elementor-element-populated\">\n\t\t\t\t\t\t<div class=\"elementor-element elementor-element-184fae2 elementor-widget elementor-widget-google_maps\" data-id=\"184fae2\" data-element_type=\"widget\" data-e-type=\"widget\" data-widget_type=\"google_maps.default\">\n\t\t\t\t<div class=\"elementor-widget-container\">\n\t\t\t\t\t\t\t<div class=\"elementor-custom-embed\">\n\t\t\t<iframe loading=\"lazy\"\n\t\t\t\t\tsrc=\"https:\/\/maps.google.com\/maps?q=Strzelnica%20KSK%20Bastion&#038;t=m&#038;z=10&#038;output=embed&#038;iwloc=near\"\n\t\t\t\t\ttitle=\"Strzelnica KSK Bastion\"\n\t\t\t\t\taria-label=\"Strzelnica KSK Bastion\"\n\t\t\t><\/iframe>\n\t\t<\/div>\n\t\t\t\t\t\t<\/div>\n\t\t\t\t<\/div>\n\t\t\t\t\t<\/div>\n\t\t<\/div>\n\t\t\t\t<div class=\"elementor-column elementor-col-50 elementor-top-column elementor-element elementor-element-abf5432\" data-id=\"abf5432\" data-element_type=\"column\" data-e-type=\"column\">\n\t\t\t<div class=\"elementor-widget-wrap elementor-element-populated\">\n\t\t\t\t\t\t<div class=\"elementor-element elementor-element-13add32 elementor-widget elementor-widget-google_maps\" data-id=\"13add32\" data-element_type=\"widget\" data-e-type=\"widget\" data-widget_type=\"google_maps.default\">\n\t\t\t\t<div class=\"elementor-widget-container\">\n\t\t\t\t\t\t\t<div class=\"elementor-custom-embed\">\n\t\t\t<iframe loading=\"lazy\"\n\t\t\t\t\tsrc=\"https:\/\/maps.google.com\/maps?q=Strzelnica%20Pionier%20Gubin&#038;t=m&#038;z=10&#038;output=embed&#038;iwloc=near\"\n\t\t\t\t\ttitle=\"Strzelnica Pionier Gubin\"\n\t\t\t\t\taria-label=\"Strzelnica Pionier Gubin\"\n\t\t\t><\/iframe>\n\t\t<\/div>\n\t\t\t\t\t\t<\/div>\n\t\t\t\t<\/div>\n\t\t\t\t\t<\/div>\n\t\t<\/div>\n\t\t\t\t\t<\/div>\n\t\t<\/section>\n\t\t\t\t<\/div>","protected":false},"excerpt":{"rendered":"<p>SHOOTINGACADEMY KONTAKT BRO\u0143 Galeria OFERTA PROAIM to szko\u0142a strzelecka oferuj\u0105ca szkolenia z zakresu bezpiecznego i skutecznego pos\u0142ugiwania si\u0119 broni\u0105 paln\u0105. Nasze szkolenia skierowane s\u0105 zar\u00f3wno do os\u00f3b stawiaj\u0105cych pierwsze kroki ze strzelectwem, jak i do do\u015bwiadczonych strzelc\u00f3w oraz posiadaczy w\u0142asnej broni, kt\u00f3rzy chc\u0105 doskonali\u0107 swoje umiej\u0119tno\u015bci. Wsp\u00f3\u0142pracujemy r\u00f3wnie\u017c z klubem strzeleckim. Pomo\u017cemy Ci zrobi\u0107 pozwolenie [&hellip;]<\/p>\n","protected":false},"author":1,"featured_media":0,"parent":0,"menu_order":0,"comment_status":"closed","ping_status":"closed","template":"","meta":{"_surecart_dashboard_logo_width":"180px","_surecart_dashboard_show_logo":true,"_surecart_dashboard_navigation_orders":true,"_surecart_dashboard_navigation_invoices":true,"_surecart_dashboard_navigation_subscriptions":true,"_surecart_dashboard_navigation_downloads":true,"_surecart_dashboard_navigation_billing":true,"_surecart_dashboard_navigation_account":true,"_uag_custom_page_level_css":"","site-sidebar-layout":"no-sidebar","site-content-layout":"plain-container","ast-site-content-layout":"full-width-container","site-content-style":"unboxed","site-sidebar-style":"unboxed","ast-global-header-display":"","ast-banner-title-visibility":"","ast-main-header-display":"","ast-hfb-above-header-display":"","ast-hfb-below-header-display":"","ast-hfb-mobile-header-display":"","site-post-title":"","ast-breadcrumbs-content":"","ast-featured-img":"disabled","footer-sml-layout":"","ast-disable-related-posts":"","theme-transparent-header-meta":"enabled","adv-header-id-meta":"","stick-header-meta":"","header-above-stick-meta":"","header-main-stick-meta":"","header-below-stick-meta":"","astra-migrate-meta-layouts":"set","ast-page-background-enabled":"default","ast-page-background-meta":{"desktop":{"background-color":"","background-image":"","background-repeat":"repeat","background-position":"center center","background-size":"auto","background-attachment":"scroll","background-type":"","background-media":"","overlay-type":"","overlay-color":"","overlay-opacity":"","overlay-gradient":""},"tablet":{"background-color":"","background-image":"","background-repeat":"repeat","background-position":"center center","background-size":"auto","background-attachment":"scroll","background-type":"","background-media":"","overlay-type":"","overlay-color":"","overlay-opacity":"","overlay-gradient":""},"mobile":{"background-color":"","background-image":"","background-repeat":"repeat","background-position":"center center","background-size":"auto","background-attachment":"scroll","background-type":"","background-media":"","overlay-type":"","overlay-color":"","overlay-opacity":"","overlay-gradient":""}},"ast-content-background-meta":{"desktop":{"background-color":"var(--ast-global-color-5)","background-image":"","background-repeat":"repeat","background-position":"center center","background-size":"auto","background-attachment":"scroll","background-type":"","background-media":"","overlay-type":"","overlay-color":"","overlay-opacity":"","overlay-gradient":""},"tablet":{"background-color":"var(--ast-global-color-5)","background-image":"","background-repeat":"repeat","background-position":"center center","background-size":"auto","background-attachment":"scroll","background-type":"","background-media":"","overlay-type":"","overlay-color":"","overlay-opacity":"","overlay-gradient":""},"mobile":{"background-color":"var(--ast-global-color-5)","background-image":"","background-repeat":"repeat","background-position":"center center","background-size":"auto","background-attachment":"scroll","background-type":"","background-media":"","overlay-type":"","overlay-color":"","overlay-opacity":"","overlay-gradient":""}},"footnotes":""},"class_list":["post-917","page","type-page","status-publish","hentry"],"_hostinger_reach_plugin_has_subscription_block":false,"_hostinger_reach_plugin_is_elementor":false,"uagb_featured_image_src":{"full":false,"thumbnail":false,"medium":false,"medium_large":false,"large":false,"1536x1536":false,"2048x2048":false,"trp-custom-language-flag":false,"woocommerce_thumbnail":false,"woocommerce_single":false,"woocommerce_gallery_thumbnail":false},"uagb_author_info":{"display_name":"1sobczak.marek@gmail.com","author_link":"https:\/\/shootingacademy.org\/de\/author\/1sobczak-marekgmail-com\/"},"uagb_comment_info":0,"uagb_excerpt":"SHOOTINGACADEMY KONTAKT BRO\u0143 Galeria OFERTA PROAIM to szko\u0142a strzelecka oferuj\u0105ca szkolenia z zakresu bezpiecznego i skutecznego pos\u0142ugiwania si\u0119 broni\u0105 paln\u0105. Nasze szkolenia skierowane s\u0105 zar\u00f3wno do os\u00f3b stawiaj\u0105cych pierwsze kroki ze strzelectwem, jak i do do\u015bwiadczonych strzelc\u00f3w oraz posiadaczy w\u0142asnej broni, kt\u00f3rzy chc\u0105 doskonali\u0107 swoje umiej\u0119tno\u015bci. Wsp\u00f3\u0142pracujemy r\u00f3wnie\u017c z klubem strzeleckim. Pomo\u017cemy Ci zrobi\u0107 pozwolenie&hellip;","_links":{"self":[{"href":"https:\/\/shootingacademy.org\/de\/wp-json\/wp\/v2\/pages\/917","targetHints":{"allow":["GET"]}}],"collection":[{"href":"https:\/\/shootingacademy.org\/de\/wp-json\/wp\/v2\/pages"}],"about":[{"href":"https:\/\/shootingacademy.org\/de\/wp-json\/wp\/v2\/types\/page"}],"author":[{"embeddable":true,"href":"https:\/\/shootingacademy.org\/de\/wp-json\/wp\/v2\/users\/1"}],"replies":[{"embeddable":true,"href":"https:\/\/shootingacademy.org\/de\/wp-json\/wp\/v2\/comments?post=917"}],"version-history":[{"count":70,"href":"https:\/\/shootingacademy.org\/de\/wp-json\/wp\/v2\/pages\/917\/revisions"}],"predecessor-version":[{"id":1594,"href":"https:\/\/shootingacademy.org\/de\/wp-json\/wp\/v2\/pages\/917\/revisions\/1594"}],"wp:attachment":[{"href":"https:\/\/shootingacademy.org\/de\/wp-json\/wp\/v2\/media?parent=917"}],"curies":[{"name":"wp","href":"https:\/\/api.w.org\/{rel}","templated":true}]}}